{"id":28,"date":"2022-11-21T10:12:50","date_gmt":"2022-11-21T10:12:50","guid":{"rendered":"https:\/\/www.martapardo.com\/?page_id=28"},"modified":"2025-02-04T15:42:19","modified_gmt":"2025-02-04T15:42:19","slug":"on-the-road","status":"publish","type":"page","link":"https:\/\/www.martapardo.com\/es\/on-the-road\/","title":{"rendered":"En el camino"},"content":{"rendered":"<p>[et_pb_section fb_built=\u00a0\u00bb1&Prime; fullwidth=\u00a0\u00bbon\u00a0\u00bb _builder_version=\u00a0\u00bb4.19.1&Prime; _module_preset=\u00a0\u00bbdefault\u00a0\u00bb background_color=\u00a0\u00bb#f8f8f8&Prime; bottom_divider_style=\u00a0\u00bbcurve\u00a0\u00bb bottom_divider_color=\u00a0\u00bb#FFFFFF\u00a0\u00bb global_colors_info=\u00a0\u00bb{%22gcid-6079e7b0-c6de-4642-992d-5a11afa900a0%22:%91%22bottom_divider_color%22%93}\u00a0\u00bb][et_pb_fullwidth_image src=\u00a0\u00bbhttps:\/\/www.martapardo.com\/wp-content\/uploads\/2022\/11\/ontheroad-1.jpg\u00a0\u00bb title_text=\u00a0\u00bbontheroad\u00a0\u00bb _builder_version=\u00a0\u00bb4.19.1&Prime; _module_preset=\u00a0\u00bbdefault\u00a0\u00bb global_colors_info=\u00a0\u00bb{}\u00a0\u00bb][\/et_pb_fullwidth_image][\/et_pb_section][et_pb_section fb_built=\u00a0\u00bb1&Prime; _builder_version=\u00a0\u00bb4.19.1&Prime; _module_preset=\u00a0\u00bbdefault\u00a0\u00bb background_enable_color=\u00a0\u00bboff\u00a0\u00bb background_enable_image=\u00a0\u00bboff\u00a0\u00bb background_size=\u00a0\u00bbcustom\u00a0\u00bb background_image_width=\u00a0\u00bb40%\u00a0\u00bb background_position=\u00a0\u00bbbottom_right\u00a0\u00bb background_vertical_offset=\u00a0\u00bb0%\u00a0\u00bb bottom_divider_style=\u00a0\u00bbcurve\u00a0\u00bb bottom_divider_color=\u00a0\u00bb#FFFFFF\u00a0\u00bb global_colors_info=\u00a0\u00bb{}\u00a0\u00bb][et_pb_row _builder_version=\u00a0\u00bb4.19.1&Prime; _module_preset=\u00a0\u00bbdefault\u00a0\u00bb custom_padding=\u00a0\u00bb||0px|||\u00a0\u00bb global_colors_info=\u00a0\u00bb{}\u00a0\u00bb][et_pb_column type=\u00a0\u00bb4_4&Prime; _builder_version=\u00a0\u00bb4.19.1&Prime; _module_preset=\u00a0\u00bbdefault\u00a0\u00bb global_colors_info=\u00a0\u00bb{}\u00a0\u00bb][et_pb_text _builder_version=\u00a0\u00bb4.19.1&Prime; _module_preset=\u00a0\u00bbdefault\u00a0\u00bb header_font=\u00a0\u00bbOutfit|||on|||||\u00a0\u00bb header_2_font=\u00a0\u00bbOutfit|200||on|||||\u00a0\u00bb custom_margin=\u00a0\u00bb||1rem||false|false\u00a0\u00bb custom_padding=\u00a0\u00bb||0rem||false|false\u00a0\u00bb global_colors_info=\u00a0\u00bb{}\u00a0\u00bb]<\/p>\n<h1>Intervention pour les grandes \u00e9coles<\/h1>\n<p>[\/et_pb_text][et_pb_divider color=\u00a0\u00bbgcid-6079e7b0-c6de-4642-992d-5a11afa900a0&Prime; divider_weight=\u00a0\u00bb5px\u00a0\u00bb _builder_version=\u00a0\u00bb4.19.1&Prime; _module_preset=\u00a0\u00bbdefault\u00a0\u00bb width=\u00a0\u00bb15%\u00a0\u00bb width_tablet=\u00a0\u00bb15%\u00a0\u00bb width_phone=\u00a0\u00bb50%\u00a0\u00bb width_last_edited=\u00a0\u00bbon|phone\u00a0\u00bb module_alignment=\u00a0\u00bbcenter\u00a0\u00bb custom_margin=\u00a0\u00bb||1rem||false|false\u00a0\u00bb global_colors_info=\u00a0\u00bb{%22gcid-6079e7b0-c6de-4642-992d-5a11afa900a0%22:%91%22color%22,%22color%22%93}\u00a0\u00bb][\/et_pb_divider][\/et_pb_column][\/et_pb_row][et_pb_row column_structure=\u00a0\u00bb1_2,1_2&Prime; make_equal=\u00a0\u00bbon\u00a0\u00bb _builder_version=\u00a0\u00bb4.19.1&Prime; _module_preset=\u00a0\u00bbdefault\u00a0\u00bb global_colors_info=\u00a0\u00bb{}\u00a0\u00bb][et_pb_column type=\u00a0\u00bb1_2&Prime; _builder_version=\u00a0\u00bb4.19.1&Prime; _module_preset=\u00a0\u00bbdefault\u00a0\u00bb custom_padding=\u00a0\u00bb3rem|3rem|3rem|3rem|true|true\u00a0\u00bb box_shadow_style=\u00a0\u00bbpreset1&Prime; global_colors_info=\u00a0\u00bb{}\u00a0\u00bb][et_pb_text _builder_version=\u00a0\u00bb4.19.1&Prime; _module_preset=\u00a0\u00bbdefault\u00a0\u00bb text_font=\u00a0\u00bbOutfit|300|||||||\u00a0\u00bb text_text_color=\u00a0\u00bb#000000&Prime; text_font_size=\u00a0\u00bb16px\u00a0\u00bb header_font=\u00a0\u00bbOutfit|||on|||||\u00a0\u00bb header_2_font=\u00a0\u00bbOutfit|||on|||||\u00a0\u00bb header_2_text_align=\u00a0\u00bbcenter\u00a0\u00bb custom_margin=\u00a0\u00bb||1rem||false|false\u00a0\u00bb custom_padding=\u00a0\u00bb||0rem||false|false\u00a0\u00bb global_colors_info=\u00a0\u00bb{}\u00a0\u00bb]<\/p>\n<p>Marta est riche d\u2019un haut niveau d\u2019expertise et d\u2019une ouverture internationale dans les secteurs de l\u2019Industrie du Tourisme et de l\u2019H\u00f4tellerie.<\/p>\n<p>Elle saura transmettre son savoir-faire et sa passion aux \u00e9tudiants en qu\u00eate d\u2019exp\u00e9riences et d\u2019apprentissage.<\/p>\n<p>En tant qu\u2019intervenante dans des \u00e9coles de management d\u2019excellence depuis plusieurs ann\u00e9es, elle propose un accompagnement personnalis\u00e9 et adapt\u00e9 \u00e0 chaque sp\u00e9cialisation.<\/p>\n<p>[\/et_pb_text][\/et_pb_column][et_pb_column type=\u00a0\u00bb1_2&Prime; _builder_version=\u00a0\u00bb4.19.1&Prime; _module_preset=\u00a0\u00bbdefault\u00a0\u00bb custom_padding=\u00a0\u00bb3rem|3rem|3rem|3rem|true|true\u00a0\u00bb box_shadow_style=\u00a0\u00bbpreset1&Prime; global_colors_info=\u00a0\u00bb{}\u00a0\u00bb][et_pb_text _builder_version=\u00a0\u00bb4.27.4&Prime; _module_preset=\u00a0\u00bbdefault\u00a0\u00bb text_font=\u00a0\u00bbOutfit|300|||||||\u00a0\u00bb text_text_color=\u00a0\u00bb#000000&Prime; text_font_size=\u00a0\u00bb16px\u00a0\u00bb header_font=\u00a0\u00bbOutfit|||on|||||\u00a0\u00bb header_2_font=\u00a0\u00bbOutfit|||on|||||\u00a0\u00bb header_2_text_align=\u00a0\u00bbcenter\u00a0\u00bb custom_margin=\u00a0\u00bb||1rem||false|false\u00a0\u00bb custom_padding=\u00a0\u00bb||0rem||false|false\u00a0\u00bb global_colors_info=\u00a0\u00bb{}\u00a0\u00bb]<\/p>\n<p>Elle s\u2019assure que ses interventions r\u00e9pondent aux principaux crit\u00e8res p\u00e9dagogiques mis en place par les \u00e9tablissements scolaires.<\/p>\n<p>Chaque cours est pr\u00e9par\u00e9 en fonction des besoins sp\u00e9cifiques d\u2019apprentissage.<\/p>\n<p>En anglais, en fran\u00e7ais ou en espagnol, elle se concentrera sur les messages cl\u00e9s que vous souhaitez transmettre.<\/p>\n<p>Marta intervient en pr\u00e9sentiel, en ligne ou en format hybride, partout dans le monde.<\/p>\n<p>Contactez-la pour pr\u00e9parer la route vers l\u2019excellence de vos \u00e9tudiants.<\/p>\n<p>[\/et_pb_text][\/et_pb_column][\/et_pb_row][et_pb_row _builder_version=\u00a0\u00bb4.19.1&Prime; _module_preset=\u00a0\u00bbdefault\u00a0\u00bb global_colors_info=\u00a0\u00bb{}\u00a0\u00bb][et_pb_column type=\u00a0\u00bb4_4&Prime; _builder_version=\u00a0\u00bb4.19.1&Prime; _module_preset=\u00a0\u00bbdefault\u00a0\u00bb global_colors_info=\u00a0\u00bb{}\u00a0\u00bb][et_pb_button button_url=\u00a0\u00bb@ET-DC@eyJkeW5hbWljIjp0cnVlLCJjb250ZW50IjoicG9zdF9saW5rX3VybF9wYWdlIiwic2V0dGluZ3MiOnsicG9zdF9pZCI6IjM0In19@\u00a0\u00bb button_text=\u00a0\u00bbMe contacter\u00a0\u00bb button_alignment=\u00a0\u00bbcenter\u00a0\u00bb _builder_version=\u00a0\u00bb4.19.1&Prime; _dynamic_attributes=\u00a0\u00bbbutton_url\u00a0\u00bb _module_preset=\u00a0\u00bbdefault\u00a0\u00bb custom_button=\u00a0\u00bbon\u00a0\u00bb button_text_size=\u00a0\u00bb18px\u00a0\u00bb button_text_color=\u00a0\u00bb#FFFFFF\u00a0\u00bb button_bg_color=\u00a0\u00bbgcid-6079e7b0-c6de-4642-992d-5a11afa900a0&Prime; button_border_width=\u00a0\u00bb0px\u00a0\u00bb button_border_radius=\u00a0\u00bb100px\u00a0\u00bb global_colors_info=\u00a0\u00bb{%22gcid-6079e7b0-c6de-4642-992d-5a11afa900a0%22:%91%22button_bg_color%22%93}\u00a0\u00bb][\/et_pb_button][\/et_pb_column][\/et_pb_row][\/et_pb_section][et_pb_section fb_built=\u00a0\u00bb1&Prime; _builder_version=\u00a0\u00bb4.19.1&Prime; _module_preset=\u00a0\u00bbdefault\u00a0\u00bb background_color=\u00a0\u00bb#cacbc5&Prime; background_image=\u00a0\u00bbhttps:\/\/www.martapardo.com\/wp-content\/uploads\/2022\/11\/ontheroad-2-1.jpg\u00a0\u00bb background_size=\u00a0\u00bbinitial\u00a0\u00bb min_height=\u00a0\u00bb900px\u00a0\u00bb min_height_tablet=\u00a0\u00bb900px\u00a0\u00bb min_height_phone=\u00a0\u00bb600px\u00a0\u00bb min_height_last_edited=\u00a0\u00bbon|phone\u00a0\u00bb height=\u00a0\u00bb900px\u00a0\u00bb height_tablet=\u00a0\u00bb900px\u00a0\u00bb height_phone=\u00a0\u00bb600px\u00a0\u00bb height_last_edited=\u00a0\u00bbon|phone\u00a0\u00bb max_height=\u00a0\u00bb900px\u00a0\u00bb max_height_tablet=\u00a0\u00bb900px\u00a0\u00bb max_height_phone=\u00a0\u00bb600px\u00a0\u00bb max_height_last_edited=\u00a0\u00bbon|phone\u00a0\u00bb top_divider_style=\u00a0\u00bbramp\u00a0\u00bb top_divider_color=\u00a0\u00bb#ffffff\u00a0\u00bb bottom_divider_style=\u00a0\u00bbcurve\u00a0\u00bb bottom_divider_color=\u00a0\u00bbgcid-7fce207f-3ae9-472d-941f-1ec38fa9541c\u00a0\u00bb bottom_divider_flip=\u00a0\u00bbvertical\u00a0\u00bb background_last_edited=\u00a0\u00bbon|desktop\u00a0\u00bb background_enable_color_phone=\u00a0\u00bboff\u00a0\u00bb background_enable_image_phone=\u00a0\u00bboff\u00a0\u00bb background_size_phone=\u00a0\u00bbcontain\u00a0\u00bb background_position_phone=\u00a0\u00bbbottom_center\u00a0\u00bb background_vertical_offset_phone=\u00a0\u00bb83%\u00a0\u00bb background_repeat_phone=\u00a0\u00bbno-repeat\u00a0\u00bb custom_css_main_element=\u00a0\u00bbdisplay:flex;\u00a0\u00bb global_colors_info=\u00a0\u00bb{%22gcid-7fce207f-3ae9-472d-941f-1ec38fa9541c%22:%91%22bottom_divider_color%22%93}\u00a0\u00bb][et_pb_row _builder_version=\u00a0\u00bb4.19.1&Prime; _module_preset=\u00a0\u00bbdefault\u00a0\u00bb global_colors_info=\u00a0\u00bb{}\u00a0\u00bb][et_pb_column type=\u00a0\u00bb4_4&Prime; _builder_version=\u00a0\u00bb4.19.1&Prime; _module_preset=\u00a0\u00bbdefault\u00a0\u00bb global_colors_info=\u00a0\u00bb{}\u00a0\u00bb][et_pb_image src=\u00a0\u00bbhttps:\/\/www.martapardo.com\/wp-content\/uploads\/2022\/11\/Groupe-133.png\u00a0\u00bb title_text=\u00a0\u00bbGroupe 133&Prime; align=\u00a0\u00bbright\u00a0\u00bb align_tablet=\u00a0\u00bbright\u00a0\u00bb align_phone=\u00a0\u00bbcenter\u00a0\u00bb align_last_edited=\u00a0\u00bbon|phone\u00a0\u00bb _builder_version=\u00a0\u00bb4.19.1&Prime; _module_preset=\u00a0\u00bbdefault\u00a0\u00bb width_tablet=\u00a0\u00bb\u00a0\u00bb width_phone=\u00a0\u00bb70%\u00a0\u00bb width_last_edited=\u00a0\u00bbon|phone\u00a0\u00bb global_colors_info=\u00a0\u00bb{}\u00a0\u00bb][\/et_pb_image][\/et_pb_column][\/et_pb_row][\/et_pb_section][et_pb_section fb_built=\u00a0\u00bb1&Prime; _builder_version=\u00a0\u00bb4.19.1&Prime; _module_preset=\u00a0\u00bbdefault\u00a0\u00bb background_color=\u00a0\u00bbgcid-7fce207f-3ae9-472d-941f-1ec38fa9541c\u00a0\u00bb top_divider_color=\u00a0\u00bb#FFFFFF\u00a0\u00bb top_divider_flip=\u00a0\u00bbvertical\u00a0\u00bb global_colors_info=\u00a0\u00bb{}\u00a0\u00bb][et_pb_row custom_padding_last_edited=\u00a0\u00bbon|phone\u00a0\u00bb _builder_version=\u00a0\u00bb4.19.1&Prime; _module_preset=\u00a0\u00bbdefault\u00a0\u00bb background_color=\u00a0\u00bb#FFFFFF\u00a0\u00bb custom_margin=\u00a0\u00bb-12rem||||false|false\u00a0\u00bb custom_padding=\u00a0\u00bb3rem|3rem|3rem|3rem|true|true\u00a0\u00bb custom_padding_tablet=\u00a0\u00bb3rem|3rem|3rem|3rem|true|true\u00a0\u00bb custom_padding_phone=\u00a0\u00bb3rem|1rem|3rem|1rem|true|true\u00a0\u00bb custom_css_main_element=\u00a0\u00bbz-index:10&Prime; box_shadow_style=\u00a0\u00bbpreset1&Prime; global_colors_info=\u00a0\u00bb{}\u00a0\u00bb][et_pb_column type=\u00a0\u00bb4_4&Prime; _builder_version=\u00a0\u00bb4.19.1&Prime; _module_preset=\u00a0\u00bbdefault\u00a0\u00bb global_colors_info=\u00a0\u00bb{}\u00a0\u00bb][et_pb_text _builder_version=\u00a0\u00bb4.19.1&Prime; _module_preset=\u00a0\u00bbdefault\u00a0\u00bb header_font=\u00a0\u00bbOutfit|||on|||||\u00a0\u00bb header_2_font=\u00a0\u00bbOutfit|||on|||||\u00a0\u00bb custom_margin=\u00a0\u00bb||1rem||false|false\u00a0\u00bb custom_padding=\u00a0\u00bb||0rem||false|false\u00a0\u00bb header_font_size_tablet=\u00a0\u00bb\u00a0\u00bb header_font_size_phone=\u00a0\u00bb29px\u00a0\u00bb header_font_size_last_edited=\u00a0\u00bbon|phone\u00a0\u00bb header_2_font_size_tablet=\u00a0\u00bb\u00a0\u00bb header_2_font_size_phone=\u00a0\u00bb26px\u00a0\u00bb header_2_font_size_last_edited=\u00a0\u00bbon|phone\u00a0\u00bb global_colors_info=\u00a0\u00bb{}\u00a0\u00bb]<\/p>\n<h2>Accompagnement entreprises<\/h2>\n<p>[\/et_pb_text][et_pb_divider color=\u00a0\u00bbgcid-6079e7b0-c6de-4642-992d-5a11afa900a0&Prime; divider_weight=\u00a0\u00bb5px\u00a0\u00bb _builder_version=\u00a0\u00bb4.19.1&Prime; _module_preset=\u00a0\u00bbdefault\u00a0\u00bb width=\u00a0\u00bb15%\u00a0\u00bb width_tablet=\u00a0\u00bb15%\u00a0\u00bb width_phone=\u00a0\u00bb50%\u00a0\u00bb width_last_edited=\u00a0\u00bbon|phone\u00a0\u00bb module_alignment=\u00a0\u00bbcenter\u00a0\u00bb custom_margin=\u00a0\u00bb||1rem||false|false\u00a0\u00bb global_colors_info=\u00a0\u00bb{%22gcid-6079e7b0-c6de-4642-992d-5a11afa900a0%22:%91%22color%22,%22color%22%93}\u00a0\u00bb][\/et_pb_divider][et_pb_text _builder_version=\u00a0\u00bb4.19.1&Prime; _module_preset=\u00a0\u00bbdefault\u00a0\u00bb text_font=\u00a0\u00bbOutfit|300|||||||\u00a0\u00bb text_text_color=\u00a0\u00bb#000000&Prime; text_font_size=\u00a0\u00bb16px\u00a0\u00bb header_font=\u00a0\u00bbOutfit|||on|||||\u00a0\u00bb header_2_font=\u00a0\u00bbOutfit|||on|||||\u00a0\u00bb header_2_text_align=\u00a0\u00bbcenter\u00a0\u00bb custom_margin=\u00a0\u00bb||1rem||false|false\u00a0\u00bb custom_padding=\u00a0\u00bb||0rem||false|false\u00a0\u00bb global_colors_info=\u00a0\u00bb{}\u00a0\u00bb]<\/p>\n<p>Un accompagnement personnalis\u00e9 pour votre entreprise qui saura\u00a0:<\/p>\n<ul>\n<li>r\u00e9pondre \u00e0 vos probl\u00e9matiques,<\/li>\n<li>am\u00e9liorer l\u2019exp\u00e9rience client,<\/li>\n<li>booster les \u00e9quipes,<\/li>\n<li>vous guider vers le bon positionnement de leadership.<\/li>\n<\/ul>\n<p>&nbsp;<\/p>\n<p>Dans une d\u00e9marche d\u2019am\u00e9lioration continue, Marta Pardo vous accompagne dans une course vers la victoire.<\/p>\n<p>Distancez vos concurrents en devenant remarquable, am\u00e9liorez le rendement financier, et d\u00e9velopper une culture de service d\u2019excellence.<\/p>\n<p>Investissez dans vos \u00e9quipes, sensibilisez vos employ\u00e9s \u00e0 l\u2019importance d\u2019une bonne image de marque.<\/p>\n<p>Ils seront plus sensibles aux objectifs strat\u00e9giques de l\u2019organisation et participeront \u00e0 la course, \u00e0 vos c\u00f4t\u00e9s, pour atteindre le podium de l\u2019excellence.<\/p>\n<p><strong>Vos collaborateurs sont-ils conscients de l\u2019importance de leur r\u00f4le et de leurs responsabilit\u00e9s au sein de l\u2019entreprise ?<\/strong><\/p>\n<p>En tant que co-pilote des dirigeants, Marta accompagne votre organisation en ligne, en hybride, sur votre lieu de travail etc.<\/p>\n<p>Des sessions de travail plac\u00e9es sous le signe de l\u2019\u00e9change et de la convivialit\u00e9 qui se d\u00e9rouleront toujours dans un cadre de bienveillance, de confiance et de confidentialit\u00e9.<\/p>\n<p><strong>Prenons la route ensemble\u00a0!<\/strong><\/p>\n<p>[\/et_pb_text][et_pb_button button_url=\u00a0\u00bb@ET-DC@eyJkeW5hbWljIjp0cnVlLCJjb250ZW50IjoicG9zdF9saW5rX3VybF9wYWdlIiwic2V0dGluZ3MiOnsicG9zdF9pZCI6IjM0In19@\u00a0\u00bb button_text=\u00a0\u00bbMe contacter\u00a0\u00bb button_alignment=\u00a0\u00bbcenter\u00a0\u00bb _builder_version=\u00a0\u00bb4.19.1&Prime; _dynamic_attributes=\u00a0\u00bbbutton_url\u00a0\u00bb _module_preset=\u00a0\u00bbdefault\u00a0\u00bb custom_button=\u00a0\u00bbon\u00a0\u00bb button_text_size=\u00a0\u00bb18px\u00a0\u00bb button_text_color=\u00a0\u00bb#FFFFFF\u00a0\u00bb button_bg_color=\u00a0\u00bbgcid-6079e7b0-c6de-4642-992d-5a11afa900a0&Prime; button_border_width=\u00a0\u00bb0px\u00a0\u00bb button_border_radius=\u00a0\u00bb100px\u00a0\u00bb global_colors_info=\u00a0\u00bb{%22gcid-6079e7b0-c6de-4642-992d-5a11afa900a0%22:%91%22button_bg_color%22%93}\u00a0\u00bb][\/et_pb_button][\/et_pb_column][\/et_pb_row][\/et_pb_section]<\/p>\n","protected":false},"excerpt":{"rendered":"<p>Intervention pour les grandes \u00e9colesMarta est riche d\u2019un haut niveau d\u2019expertise et d\u2019une ouverture internationale dans les secteurs de l\u2019Industrie du Tourisme et de l\u2019H\u00f4tellerie. Elle saura transmettre son savoir-faire et sa passion aux \u00e9tudiants en qu\u00eate d\u2019exp\u00e9riences et d\u2019apprentissage. En tant qu\u2019intervenante dans des \u00e9coles de management d\u2019excellence depuis plusieurs ann\u00e9es, elle propose un [&hellip;]<\/p>\n","protected":false},"author":1,"featured_media":0,"parent":0,"menu_order":0,"comment_status":"closed","ping_status":"closed","template":"","meta":{"_et_pb_use_builder":"on","_et_pb_old_content":"","_et_gb_content_width":"","footnotes":""},"class_list":["post-28","page","type-page","status-publish","hentry"],"_links":{"self":[{"href":"https:\/\/www.martapardo.com\/es\/wp-json\/wp\/v2\/pages\/28","targetHints":{"allow":["GET"]}}],"collection":[{"href":"https:\/\/www.martapardo.com\/es\/wp-json\/wp\/v2\/pages"}],"about":[{"href":"https:\/\/www.martapardo.com\/es\/wp-json\/wp\/v2\/types\/page"}],"author":[{"embeddable":true,"href":"https:\/\/www.martapardo.com\/es\/wp-json\/wp\/v2\/users\/1"}],"replies":[{"embeddable":true,"href":"https:\/\/www.martapardo.com\/es\/wp-json\/wp\/v2\/comments?post=28"}],"version-history":[{"count":12,"href":"https:\/\/www.martapardo.com\/es\/wp-json\/wp\/v2\/pages\/28\/revisions"}],"predecessor-version":[{"id":2382,"href":"https:\/\/www.martapardo.com\/es\/wp-json\/wp\/v2\/pages\/28\/revisions\/2382"}],"wp:attachment":[{"href":"https:\/\/www.martapardo.com\/es\/wp-json\/wp\/v2\/media?parent=28"}],"curies":[{"name":"wp","href":"https:\/\/api.w.org\/{rel}","templated":true}]}}